{"id":1874,"date":"2021-09-17T21:33:06","date_gmt":"2021-09-18T02:33:06","guid":{"rendered":"https:\/\/ideaspracticas.com.co\/?post_type=product&#038;p=1874"},"modified":"2023-07-07T05:29:12","modified_gmt":"2023-07-07T10:29:12","slug":"bata-de-odontologia","status":"publish","type":"product","link":"https:\/\/ideaspracticas.com.co\/en\/product\/bata-de-odontologia\/","title":{"rendered":"Bata de odontolog\u00eda"},"content":{"rendered":"<p>Si est\u00e1s buscando<a href=\"https:\/\/ideaspracticas.com.co\/en\/\"> uniformes<\/a> para el personal m\u00e9dico y odontol\u00f3gico, nosotros podemos ofrecerte una gran variedad de delantales m\u00e9dicos y odontol\u00f3gicos. Nuestros delantales est\u00e1n dise\u00f1ados con materiales de alta calidad y con la \u00faltima tecnolog\u00eda, para brindar protecci\u00f3n y comodidad a quienes los usan.<\/p>\n<p>Como empresa de uniformes, entendemos la importancia de contar con un producto que cumpla con los est\u00e1ndares de calidad y seguridad requeridos en el \u00e1mbito m\u00e9dico y odontol\u00f3gico. Por esta raz\u00f3n, nuestros delantales est\u00e1n fabricados con materiales resistentes y duraderos, capaces de soportar el uso diario y las exigencias del trabajo en este campo. Por lo que todos nuestros productos cuentan con 6 meses de garantia en confecci\u00f3n y en tela<\/p>\n<p>Adem\u00e1s, nuestros delantales cuentan con caracter\u00edsticas que los hacen especialmente \u00fatiles para el personal de salud. Por ejemplo, tienen bolsillos adicionales para guardar herramientas de trabajo, son ajustables para adaptarse a diferentes tama\u00f1os y formas de cuerpo, y son f\u00e1ciles de lavar y mantener.<\/p>\n<p>Nuestro sitio web cuenta con &#8220;delantales m\u00e9dicos y odontol\u00f3gicos&#8221;, &#8220;uniformes para personal m\u00e9dico y odontol\u00f3gico&#8221;, &#8220;protecci\u00f3n para personal de salud&#8221;, entre otras.<\/p>\n<p>No dudes en visitar nuestra tienda en l\u00ednea y adquirir nuestros delantales de alta calidad. Con nuestra amplia gama de productos, estamos seguros de que encontrar\u00e1s el que mejor se adapte a tus necesidades. \u00a1Haz de la protecci\u00f3n y la comodidad una prioridad en tu trabajo diario!<\/p>\n<p>Siempre recuerde que hacemos env\u00edos nacionales e internacionales para que as\u00ed puedan llevar la comodidad a cualquier parte del mundo<\/p>\n<p>En nuestra empresa, cumplimos con los est\u00e1ndares de calidad y de seguridad requeridos para la fabricaci\u00f3n de ropa de trabajo, por lo que puedes confiar en la durabilidad y resistencia de nuestras batas anti fluido<\/p>\n<h2>Finalmente te invitamos a conocer mas del cuidado de tus delantales m\u00e9dicos y odontol\u00f3gicos en anti fluido visitando nuestro <a href=\"https:\/\/ideaspracticas.com.co\/en\/activities-things-to-do\/\">blog,<\/a><\/h2>","protected":false},"excerpt":{"rendered":"<p>Si est\u00e1s buscando batas odontologicas de alta calidad y personalizadas, \u00a1no busques m\u00e1s!<\/p>\n<p>\u00a1Haz clic ahora y comienza a verte elegante y con un toque muy moderno!<\/p>\n<p>MIRA COMO SABER TU TALLA Y COLORES DISPONIBLES <strong><a href=\"https:\/\/ideaspracticas.com.co\/en\/carta-de-colores-y-tallajes\/\">AQU\u00cd<\/a><\/strong><\/p>","protected":false},"featured_media":1875,"comment_status":"open","ping_status":"closed","template":"","meta":{"_joinchat":{"telephone":"+573004888779"}},"product_cat":[26],"product_tag":[],"class_list":["post-1874","product","type-product","status-publish","has-post-thumbnail","hentry","product_cat-batas-y-delantales-personalizados"],"yoast_head":"<!-- This site is optimized with the Yoast SEO plugin v24.9 - https:\/\/yoast.com\/wordpress\/plugins\/seo\/ -->\n<title>Bata de odontolog\u00eda - ideaspracticas.com.co<\/title>\n<meta name=\"description\" content=\"Bata de odontolog\u00eda\" \/>\n<meta name=\"robots\" content=\"index, follow, max-snippet:-1, max-image-preview:large, max-video-preview:-1\" \/>\n<link rel=\"canonical\" href=\"https:\/\/ideaspracticas.com.co\/en\/product\/bata-de-odontologia\/\" \/>\n<meta property=\"og:locale\" content=\"en_US\" \/>\n<meta property=\"og:type\" content=\"article\" \/>\n<meta property=\"og:title\" content=\"Bata de odontolog\u00eda - ideaspracticas.com.co\" \/>\n<meta property=\"og:description\" content=\"Bata de odontolog\u00eda\" \/>\n<meta property=\"og:url\" content=\"https:\/\/ideaspracticas.com.co\/en\/product\/bata-de-odontologia\/\" \/>\n<meta property=\"og:site_name\" content=\"ideaspracticas.com.co\" \/>\n<meta property=\"article:publisher\" content=\"https:\/\/www.facebook.com\/profile.php?id=100009478748877\" \/>\n<meta property=\"article:modified_time\" content=\"2023-07-07T10:29:12+00:00\" \/>\n<meta property=\"og:image\" content=\"https:\/\/ideaspracticas.com.co\/wp-content\/uploads\/2021\/09\/Batas-de-chef-y-Delantales.jpg\" \/>\n\t<meta property=\"og:image:width\" content=\"509\" \/>\n\t<meta property=\"og:image:height\" content=\"1363\" \/>\n\t<meta property=\"og:image:type\" content=\"image\/jpeg\" \/>\n<meta name=\"twitter:card\" content=\"summary_large_image\" \/>\n<meta name=\"twitter:label1\" content=\"Est. reading time\" \/>\n\t<meta name=\"twitter:data1\" content=\"2 minutes\" \/>\n<script type=\"application\/ld+json\" class=\"yoast-schema-graph\">{\"@context\":\"https:\/\/schema.org\",\"@graph\":[{\"@type\":\"WebPage\",\"@id\":\"https:\/\/ideaspracticas.com.co\/product\/bata-de-odontologia\/\",\"url\":\"https:\/\/ideaspracticas.com.co\/product\/bata-de-odontologia\/\",\"name\":\"Bata de odontolog\u00eda - ideaspracticas.com.co\",\"isPartOf\":{\"@id\":\"https:\/\/ideaspracticas.com.co\/#website\"},\"primaryImageOfPage\":{\"@id\":\"https:\/\/ideaspracticas.com.co\/product\/bata-de-odontologia\/#primaryimage\"},\"image\":{\"@id\":\"https:\/\/ideaspracticas.com.co\/product\/bata-de-odontologia\/#primaryimage\"},\"thumbnailUrl\":\"https:\/\/ideaspracticas.com.co\/wp-content\/uploads\/2021\/09\/Batas-de-chef-y-Delantales.jpg\",\"datePublished\":\"2021-09-18T02:33:06+00:00\",\"dateModified\":\"2023-07-07T10:29:12+00:00\",\"description\":\"Bata de odontolog\u00eda\",\"breadcrumb\":{\"@id\":\"https:\/\/ideaspracticas.com.co\/product\/bata-de-odontologia\/#breadcrumb\"},\"inLanguage\":\"en-US\",\"potentialAction\":[{\"@type\":\"ReadAction\",\"target\":[\"https:\/\/ideaspracticas.com.co\/product\/bata-de-odontologia\/\"]}]},{\"@type\":\"ImageObject\",\"inLanguage\":\"en-US\",\"@id\":\"https:\/\/ideaspracticas.com.co\/product\/bata-de-odontologia\/#primaryimage\",\"url\":\"https:\/\/ideaspracticas.com.co\/wp-content\/uploads\/2021\/09\/Batas-de-chef-y-Delantales.jpg\",\"contentUrl\":\"https:\/\/ideaspracticas.com.co\/wp-content\/uploads\/2021\/09\/Batas-de-chef-y-Delantales.jpg\",\"width\":509,\"height\":1363},{\"@type\":\"BreadcrumbList\",\"@id\":\"https:\/\/ideaspracticas.com.co\/product\/bata-de-odontologia\/#breadcrumb\",\"itemListElement\":[{\"@type\":\"ListItem\",\"position\":1,\"name\":\"Home\",\"item\":\"https:\/\/ideaspracticas.com.co\/\"},{\"@type\":\"ListItem\",\"position\":2,\"name\":\"Tienda\",\"item\":\"https:\/\/ideaspracticas.com.co\/en\/tienda\/\"},{\"@type\":\"ListItem\",\"position\":3,\"name\":\"Bata de odontolog\u00eda\"}]},{\"@type\":\"WebSite\",\"@id\":\"https:\/\/ideaspracticas.com.co\/#website\",\"url\":\"https:\/\/ideaspracticas.com.co\/\",\"name\":\"ideaspracticas.com.co\",\"description\":\"uniformes y dotaciones personalizadas\",\"publisher\":{\"@id\":\"https:\/\/ideaspracticas.com.co\/#organization\"},\"potentialAction\":[{\"@type\":\"SearchAction\",\"target\":{\"@type\":\"EntryPoint\",\"urlTemplate\":\"https:\/\/ideaspracticas.com.co\/?s={search_term_string}\"},\"query-input\":{\"@type\":\"PropertyValueSpecification\",\"valueRequired\":true,\"valueName\":\"search_term_string\"}}],\"inLanguage\":\"en-US\"},{\"@type\":\"Organization\",\"@id\":\"https:\/\/ideaspracticas.com.co\/#organization\",\"name\":\"ideas pr\u00e1cticas\",\"url\":\"https:\/\/ideaspracticas.com.co\/\",\"logo\":{\"@type\":\"ImageObject\",\"inLanguage\":\"en-US\",\"@id\":\"https:\/\/ideaspracticas.com.co\/#\/schema\/logo\/image\/\",\"url\":\"https:\/\/ideaspracticas.com.co\/wp-content\/uploads\/2021\/08\/IDEASPRACTICAS-LOGO-arreglado-1-scaled.jpg\",\"contentUrl\":\"https:\/\/ideaspracticas.com.co\/wp-content\/uploads\/2021\/08\/IDEASPRACTICAS-LOGO-arreglado-1-scaled.jpg\",\"width\":2560,\"height\":2241,\"caption\":\"ideas pr\u00e1cticas\"},\"image\":{\"@id\":\"https:\/\/ideaspracticas.com.co\/#\/schema\/logo\/image\/\"},\"sameAs\":[\"https:\/\/www.facebook.com\/profile.php?id=100009478748877\"]}]}<\/script>\n<!-- \/ Yoast SEO plugin. -->","yoast_head_json":{"title":"Bata de odontolog\u00eda - ideaspracticas.com.co","description":"Bata de odontolog\u00eda","robots":{"index":"index","follow":"follow","max-snippet":"max-snippet:-1","max-image-preview":"max-image-preview:large","max-video-preview":"max-video-preview:-1"},"canonical":"https:\/\/ideaspracticas.com.co\/en\/product\/bata-de-odontologia\/","og_locale":"en_US","og_type":"article","og_title":"Bata de odontolog\u00eda - ideaspracticas.com.co","og_description":"Bata de odontolog\u00eda","og_url":"https:\/\/ideaspracticas.com.co\/en\/product\/bata-de-odontologia\/","og_site_name":"ideaspracticas.com.co","article_publisher":"https:\/\/www.facebook.com\/profile.php?id=100009478748877","article_modified_time":"2023-07-07T10:29:12+00:00","og_image":[{"width":509,"height":1363,"url":"https:\/\/ideaspracticas.com.co\/wp-content\/uploads\/2021\/09\/Batas-de-chef-y-Delantales.jpg","type":"image\/jpeg"}],"twitter_card":"summary_large_image","twitter_misc":{"Est. reading time":"2 minutes"},"schema":{"@context":"https:\/\/schema.org","@graph":[{"@type":"WebPage","@id":"https:\/\/ideaspracticas.com.co\/product\/bata-de-odontologia\/","url":"https:\/\/ideaspracticas.com.co\/product\/bata-de-odontologia\/","name":"Bata de odontolog\u00eda - ideaspracticas.com.co","isPartOf":{"@id":"https:\/\/ideaspracticas.com.co\/#website"},"primaryImageOfPage":{"@id":"https:\/\/ideaspracticas.com.co\/product\/bata-de-odontologia\/#primaryimage"},"image":{"@id":"https:\/\/ideaspracticas.com.co\/product\/bata-de-odontologia\/#primaryimage"},"thumbnailUrl":"https:\/\/ideaspracticas.com.co\/wp-content\/uploads\/2021\/09\/Batas-de-chef-y-Delantales.jpg","datePublished":"2021-09-18T02:33:06+00:00","dateModified":"2023-07-07T10:29:12+00:00","description":"Bata de odontolog\u00eda","breadcrumb":{"@id":"https:\/\/ideaspracticas.com.co\/product\/bata-de-odontologia\/#breadcrumb"},"inLanguage":"en-US","potentialAction":[{"@type":"ReadAction","target":["https:\/\/ideaspracticas.com.co\/product\/bata-de-odontologia\/"]}]},{"@type":"ImageObject","inLanguage":"en-US","@id":"https:\/\/ideaspracticas.com.co\/product\/bata-de-odontologia\/#primaryimage","url":"https:\/\/ideaspracticas.com.co\/wp-content\/uploads\/2021\/09\/Batas-de-chef-y-Delantales.jpg","contentUrl":"https:\/\/ideaspracticas.com.co\/wp-content\/uploads\/2021\/09\/Batas-de-chef-y-Delantales.jpg","width":509,"height":1363},{"@type":"BreadcrumbList","@id":"https:\/\/ideaspracticas.com.co\/product\/bata-de-odontologia\/#breadcrumb","itemListElement":[{"@type":"ListItem","position":1,"name":"Home","item":"https:\/\/ideaspracticas.com.co\/"},{"@type":"ListItem","position":2,"name":"Tienda","item":"https:\/\/ideaspracticas.com.co\/en\/tienda\/"},{"@type":"ListItem","position":3,"name":"Bata de odontolog\u00eda"}]},{"@type":"WebSite","@id":"https:\/\/ideaspracticas.com.co\/#website","url":"https:\/\/ideaspracticas.com.co\/","name":"ideaspracticas.com.co","description":"uniformes y dotaciones personalizadas","publisher":{"@id":"https:\/\/ideaspracticas.com.co\/#organization"},"potentialAction":[{"@type":"SearchAction","target":{"@type":"EntryPoint","urlTemplate":"https:\/\/ideaspracticas.com.co\/?s={search_term_string}"},"query-input":{"@type":"PropertyValueSpecification","valueRequired":true,"valueName":"search_term_string"}}],"inLanguage":"en-US"},{"@type":"Organization","@id":"https:\/\/ideaspracticas.com.co\/#organization","name":"ideas pr\u00e1cticas","url":"https:\/\/ideaspracticas.com.co\/","logo":{"@type":"ImageObject","inLanguage":"en-US","@id":"https:\/\/ideaspracticas.com.co\/#\/schema\/logo\/image\/","url":"https:\/\/ideaspracticas.com.co\/wp-content\/uploads\/2021\/08\/IDEASPRACTICAS-LOGO-arreglado-1-scaled.jpg","contentUrl":"https:\/\/ideaspracticas.com.co\/wp-content\/uploads\/2021\/08\/IDEASPRACTICAS-LOGO-arreglado-1-scaled.jpg","width":2560,"height":2241,"caption":"ideas pr\u00e1cticas"},"image":{"@id":"https:\/\/ideaspracticas.com.co\/#\/schema\/logo\/image\/"},"sameAs":["https:\/\/www.facebook.com\/profile.php?id=100009478748877"]}]}},"_links":{"self":[{"href":"https:\/\/ideaspracticas.com.co\/en\/wp-json\/wp\/v2\/product\/1874","targetHints":{"allow":["GET"]}}],"collection":[{"href":"https:\/\/ideaspracticas.com.co\/en\/wp-json\/wp\/v2\/product"}],"about":[{"href":"https:\/\/ideaspracticas.com.co\/en\/wp-json\/wp\/v2\/types\/product"}],"replies":[{"embeddable":true,"href":"https:\/\/ideaspracticas.com.co\/en\/wp-json\/wp\/v2\/comments?post=1874"}],"wp:featuredmedia":[{"embeddable":true,"href":"https:\/\/ideaspracticas.com.co\/en\/wp-json\/wp\/v2\/media\/1875"}],"wp:attachment":[{"href":"https:\/\/ideaspracticas.com.co\/en\/wp-json\/wp\/v2\/media?parent=1874"}],"wp:term":[{"taxonomy":"product_cat","embeddable":true,"href":"https:\/\/ideaspracticas.com.co\/en\/wp-json\/wp\/v2\/product_cat?post=1874"},{"taxonomy":"product_tag","embeddable":true,"href":"https:\/\/ideaspracticas.com.co\/en\/wp-json\/wp\/v2\/product_tag?post=1874"}],"curies":[{"name":"wp","href":"https:\/\/api.w.org\/{rel}","templated":true}]}}