{"id":1881,"date":"2021-09-17T21:43:43","date_gmt":"2021-09-18T02:43:43","guid":{"rendered":"https:\/\/ideaspracticas.com.co\/?post_type=product&#038;p=1881"},"modified":"2025-07-21T07:42:58","modified_gmt":"2025-07-21T12:42:58","slug":"batas-de-diseno-personalizado-en-anti-fluido","status":"publish","type":"product","link":"https:\/\/ideaspracticas.com.co\/en\/product\/batas-de-diseno-personalizado-en-anti-fluido\/","title":{"rendered":"Batas de dise\u00f1o personalizado en anti fluido"},"content":{"rendered":"<p>Somos una empresa dedicada a la fabricaci\u00f3n y venta de <a href=\"https:\/\/ideaspracticas.com.co\/en\/\">uniformes<\/a>, entre ellos, las batas odontol\u00f3gicas anti fluido. Nuestras batas de dise\u00f1o personalizado en anti fluido son fabricadas con materiales de alta calidad, lo que las hace resistentes al agua y a la transpiraci\u00f3n. Adem\u00e1s, su composici\u00f3n de rizo de algod\u00f3n 100% y poliuretano de 20 micras les da una textura suave y c\u00f3moda al tacto.<\/p>\n<p>Comprar nuestras batas odontol\u00f3gicas anti fluido es una excelente elecci\u00f3n si est\u00e1s buscando protecci\u00f3n y comodidad en tu trabajo. Gracias a su impermeabilidad, nuestras batas te mantendr\u00e1n seco y protegido en todo momento, lo que es especialmente importante en un ambiente como el de una cl\u00ednica dental. Adem\u00e1s, su transpirabilidad te mantendr\u00e1 fresco y c\u00f3modo durante todo el d\u00eda.<\/p>\n<p>En nuestra empresa, cumplimos con los est\u00e1ndares de calidad y de seguridad requeridos para la fabricaci\u00f3n de ropa de trabajo, por lo que puedes confiar en la durabilidad y resistencia de nuestras batas odontol\u00f3gicas anti fluido. Cada bata puede ser lavada hasta 30 ciclos en agua caliente (60 a 90\u00b0C), lo que asegura su uso por un largo tiempo.<\/p>\n<p>Ofrecemos diferentes dise\u00f1os y tallas, para que encuentres la bata odontol\u00f3gica que mejor se adapte a tus necesidades. Adem\u00e1s, contamos con precios competitivos y una excelente atenci\u00f3n al cliente, para que tu experiencia de compra sea lo m\u00e1s satisfactoria posible.<\/p>\n<p>No lo dudes m\u00e1s y adquiere una de nuestras batas odontol\u00f3gicas anti fluido, tu seguridad y comodidad son lo m\u00e1s importante para nosotros. \u00a1Cont\u00e1ctanos ahora mismo para realizar tu pedido!<\/p>\n<p>La elecci\u00f3n de unas batas de dise\u00f1o personalizado en anti fluido tambi\u00e9n puede ayudar, a crear un ambiente agradable y coherente con el estilo de la clinica, lo que mejora la experiencia del cliente.<\/p>\n<h2>Finalmente te invitamos a conocer mas del cuidado de tus batas de dise\u00f1o personalizado en anti fluido visitando nuestro <a href=\"https:\/\/ideaspracticas.com.co\/en\/activities-things-to-do\/\">blog, <\/a><\/h2>\n<p>para que puedas enterarte de como hacerlo de una forma mas eficiente y teniendo siempre presente el cuidad de las prendas<\/p>","protected":false},"excerpt":{"rendered":"<p>Si est\u00e1s buscando batas odontologicas de alta calidad y personalizadas, \u00a1no busques m\u00e1s!<\/p>\n<p>\u00a1Haz clic ahora y comienza a verte elegante y con un toque muy moderno!<\/p>\n<p>MIRA COMO SABER TU TALLA Y COLORES DISPONIBLES <strong><a href=\"https:\/\/ideaspracticas.com.co\/en\/carta-de-colores-y-tallajes\/\">AQU\u00cd<\/a><\/strong><\/p>","protected":false},"featured_media":1883,"comment_status":"open","ping_status":"closed","template":"","meta":{"_joinchat":{"telephone":"+573004888779"}},"product_cat":[26,31],"product_tag":[],"class_list":["post-1881","product","type-product","status-publish","has-post-thumbnail","hentry","product_cat-batas-y-delantales-personalizados","product_cat-los-mas-vendidos"],"yoast_head":"<!-- This site is optimized with the Yoast SEO plugin v24.9 - https:\/\/yoast.com\/wordpress\/plugins\/seo\/ -->\n<title>Batas de dise\u00f1o personalizado en anti fluido - ideaspracticas.com.co<\/title>\n<meta name=\"description\" content=\"Batas de dise\u00f1o personalizado en anti fluido son la elecci\u00f3n perfecta. Confeccionadas en Colombia, estas batas ofrecen protecci\u00f3n duradera contra fluidos\" \/>\n<meta name=\"robots\" content=\"index, follow, max-snippet:-1, max-image-preview:large, max-video-preview:-1\" \/>\n<link rel=\"canonical\" href=\"https:\/\/ideaspracticas.com.co\/en\/product\/batas-de-diseno-personalizado-en-anti-fluido\/\" \/>\n<meta property=\"og:locale\" content=\"en_US\" \/>\n<meta property=\"og:type\" content=\"article\" \/>\n<meta property=\"og:title\" content=\"Batas de dise\u00f1o personalizado en anti fluido - ideaspracticas.com.co\" \/>\n<meta property=\"og:description\" content=\"Batas de dise\u00f1o personalizado en anti fluido son la elecci\u00f3n perfecta. Confeccionadas en Colombia, estas batas ofrecen protecci\u00f3n duradera contra fluidos\" \/>\n<meta property=\"og:url\" content=\"https:\/\/ideaspracticas.com.co\/en\/product\/batas-de-diseno-personalizado-en-anti-fluido\/\" \/>\n<meta property=\"og:site_name\" content=\"ideaspracticas.com.co\" \/>\n<meta property=\"article:publisher\" content=\"https:\/\/www.facebook.com\/profile.php?id=100009478748877\" \/>\n<meta property=\"article:modified_time\" content=\"2025-07-21T12:42:58+00:00\" \/>\n<meta property=\"og:image\" content=\"https:\/\/ideaspracticas.com.co\/wp-content\/uploads\/2021\/09\/Batas-de-chef-y-Delantales-4.jpg\" \/>\n\t<meta property=\"og:image:width\" content=\"896\" \/>\n\t<meta property=\"og:image:height\" content=\"1119\" \/>\n\t<meta property=\"og:image:type\" content=\"image\/jpeg\" \/>\n<meta name=\"twitter:card\" content=\"summary_large_image\" \/>\n<meta name=\"twitter:label1\" content=\"Est. reading time\" \/>\n\t<meta name=\"twitter:data1\" content=\"2 minutes\" \/>\n<script type=\"application\/ld+json\" class=\"yoast-schema-graph\">{\"@context\":\"https:\/\/schema.org\",\"@graph\":[{\"@type\":\"WebPage\",\"@id\":\"https:\/\/ideaspracticas.com.co\/product\/batas-de-diseno-personalizado-en-anti-fluido\/\",\"url\":\"https:\/\/ideaspracticas.com.co\/product\/batas-de-diseno-personalizado-en-anti-fluido\/\",\"name\":\"Batas de dise\u00f1o personalizado en anti fluido - ideaspracticas.com.co\",\"isPartOf\":{\"@id\":\"https:\/\/ideaspracticas.com.co\/#website\"},\"primaryImageOfPage\":{\"@id\":\"https:\/\/ideaspracticas.com.co\/product\/batas-de-diseno-personalizado-en-anti-fluido\/#primaryimage\"},\"image\":{\"@id\":\"https:\/\/ideaspracticas.com.co\/product\/batas-de-diseno-personalizado-en-anti-fluido\/#primaryimage\"},\"thumbnailUrl\":\"https:\/\/ideaspracticas.com.co\/wp-content\/uploads\/2021\/09\/Batas-de-chef-y-Delantales-4.jpg\",\"datePublished\":\"2021-09-18T02:43:43+00:00\",\"dateModified\":\"2025-07-21T12:42:58+00:00\",\"description\":\"Batas de dise\u00f1o personalizado en anti fluido son la elecci\u00f3n perfecta. Confeccionadas en Colombia, estas batas ofrecen protecci\u00f3n duradera contra fluidos\",\"breadcrumb\":{\"@id\":\"https:\/\/ideaspracticas.com.co\/product\/batas-de-diseno-personalizado-en-anti-fluido\/#breadcrumb\"},\"inLanguage\":\"en-US\",\"potentialAction\":[{\"@type\":\"ReadAction\",\"target\":[\"https:\/\/ideaspracticas.com.co\/product\/batas-de-diseno-personalizado-en-anti-fluido\/\"]}]},{\"@type\":\"ImageObject\",\"inLanguage\":\"en-US\",\"@id\":\"https:\/\/ideaspracticas.com.co\/product\/batas-de-diseno-personalizado-en-anti-fluido\/#primaryimage\",\"url\":\"https:\/\/ideaspracticas.com.co\/wp-content\/uploads\/2021\/09\/Batas-de-chef-y-Delantales-4.jpg\",\"contentUrl\":\"https:\/\/ideaspracticas.com.co\/wp-content\/uploads\/2021\/09\/Batas-de-chef-y-Delantales-4.jpg\",\"width\":896,\"height\":1119,\"caption\":\"Batas de odontologia y Delantales medicos\"},{\"@type\":\"BreadcrumbList\",\"@id\":\"https:\/\/ideaspracticas.com.co\/product\/batas-de-diseno-personalizado-en-anti-fluido\/#breadcrumb\",\"itemListElement\":[{\"@type\":\"ListItem\",\"position\":1,\"name\":\"Home\",\"item\":\"https:\/\/ideaspracticas.com.co\/\"},{\"@type\":\"ListItem\",\"position\":2,\"name\":\"Tienda\",\"item\":\"https:\/\/ideaspracticas.com.co\/en\/tienda\/\"},{\"@type\":\"ListItem\",\"position\":3,\"name\":\"Batas de dise\u00f1o personalizado en anti fluido\"}]},{\"@type\":\"WebSite\",\"@id\":\"https:\/\/ideaspracticas.com.co\/#website\",\"url\":\"https:\/\/ideaspracticas.com.co\/\",\"name\":\"ideaspracticas.com.co\",\"description\":\"uniformes y dotaciones personalizadas\",\"publisher\":{\"@id\":\"https:\/\/ideaspracticas.com.co\/#organization\"},\"potentialAction\":[{\"@type\":\"SearchAction\",\"target\":{\"@type\":\"EntryPoint\",\"urlTemplate\":\"https:\/\/ideaspracticas.com.co\/?s={search_term_string}\"},\"query-input\":{\"@type\":\"PropertyValueSpecification\",\"valueRequired\":true,\"valueName\":\"search_term_string\"}}],\"inLanguage\":\"en-US\"},{\"@type\":\"Organization\",\"@id\":\"https:\/\/ideaspracticas.com.co\/#organization\",\"name\":\"ideas pr\u00e1cticas\",\"url\":\"https:\/\/ideaspracticas.com.co\/\",\"logo\":{\"@type\":\"ImageObject\",\"inLanguage\":\"en-US\",\"@id\":\"https:\/\/ideaspracticas.com.co\/#\/schema\/logo\/image\/\",\"url\":\"https:\/\/ideaspracticas.com.co\/wp-content\/uploads\/2021\/08\/IDEASPRACTICAS-LOGO-arreglado-1-scaled.jpg\",\"contentUrl\":\"https:\/\/ideaspracticas.com.co\/wp-content\/uploads\/2021\/08\/IDEASPRACTICAS-LOGO-arreglado-1-scaled.jpg\",\"width\":2560,\"height\":2241,\"caption\":\"ideas pr\u00e1cticas\"},\"image\":{\"@id\":\"https:\/\/ideaspracticas.com.co\/#\/schema\/logo\/image\/\"},\"sameAs\":[\"https:\/\/www.facebook.com\/profile.php?id=100009478748877\"]}]}<\/script>\n<!-- \/ Yoast SEO plugin. -->","yoast_head_json":{"title":"Batas de dise\u00f1o personalizado en anti fluido - ideaspracticas.com.co","description":"Batas de dise\u00f1o personalizado en anti fluido son la elecci\u00f3n perfecta. Confeccionadas en Colombia, estas batas ofrecen protecci\u00f3n duradera contra fluidos","robots":{"index":"index","follow":"follow","max-snippet":"max-snippet:-1","max-image-preview":"max-image-preview:large","max-video-preview":"max-video-preview:-1"},"canonical":"https:\/\/ideaspracticas.com.co\/en\/product\/batas-de-diseno-personalizado-en-anti-fluido\/","og_locale":"en_US","og_type":"article","og_title":"Batas de dise\u00f1o personalizado en anti fluido - ideaspracticas.com.co","og_description":"Batas de dise\u00f1o personalizado en anti fluido son la elecci\u00f3n perfecta. Confeccionadas en Colombia, estas batas ofrecen protecci\u00f3n duradera contra fluidos","og_url":"https:\/\/ideaspracticas.com.co\/en\/product\/batas-de-diseno-personalizado-en-anti-fluido\/","og_site_name":"ideaspracticas.com.co","article_publisher":"https:\/\/www.facebook.com\/profile.php?id=100009478748877","article_modified_time":"2025-07-21T12:42:58+00:00","og_image":[{"width":896,"height":1119,"url":"https:\/\/ideaspracticas.com.co\/wp-content\/uploads\/2021\/09\/Batas-de-chef-y-Delantales-4.jpg","type":"image\/jpeg"}],"twitter_card":"summary_large_image","twitter_misc":{"Est. reading time":"2 minutes"},"schema":{"@context":"https:\/\/schema.org","@graph":[{"@type":"WebPage","@id":"https:\/\/ideaspracticas.com.co\/product\/batas-de-diseno-personalizado-en-anti-fluido\/","url":"https:\/\/ideaspracticas.com.co\/product\/batas-de-diseno-personalizado-en-anti-fluido\/","name":"Batas de dise\u00f1o personalizado en anti fluido - ideaspracticas.com.co","isPartOf":{"@id":"https:\/\/ideaspracticas.com.co\/#website"},"primaryImageOfPage":{"@id":"https:\/\/ideaspracticas.com.co\/product\/batas-de-diseno-personalizado-en-anti-fluido\/#primaryimage"},"image":{"@id":"https:\/\/ideaspracticas.com.co\/product\/batas-de-diseno-personalizado-en-anti-fluido\/#primaryimage"},"thumbnailUrl":"https:\/\/ideaspracticas.com.co\/wp-content\/uploads\/2021\/09\/Batas-de-chef-y-Delantales-4.jpg","datePublished":"2021-09-18T02:43:43+00:00","dateModified":"2025-07-21T12:42:58+00:00","description":"Batas de dise\u00f1o personalizado en anti fluido son la elecci\u00f3n perfecta. Confeccionadas en Colombia, estas batas ofrecen protecci\u00f3n duradera contra fluidos","breadcrumb":{"@id":"https:\/\/ideaspracticas.com.co\/product\/batas-de-diseno-personalizado-en-anti-fluido\/#breadcrumb"},"inLanguage":"en-US","potentialAction":[{"@type":"ReadAction","target":["https:\/\/ideaspracticas.com.co\/product\/batas-de-diseno-personalizado-en-anti-fluido\/"]}]},{"@type":"ImageObject","inLanguage":"en-US","@id":"https:\/\/ideaspracticas.com.co\/product\/batas-de-diseno-personalizado-en-anti-fluido\/#primaryimage","url":"https:\/\/ideaspracticas.com.co\/wp-content\/uploads\/2021\/09\/Batas-de-chef-y-Delantales-4.jpg","contentUrl":"https:\/\/ideaspracticas.com.co\/wp-content\/uploads\/2021\/09\/Batas-de-chef-y-Delantales-4.jpg","width":896,"height":1119,"caption":"Batas de odontologia y Delantales medicos"},{"@type":"BreadcrumbList","@id":"https:\/\/ideaspracticas.com.co\/product\/batas-de-diseno-personalizado-en-anti-fluido\/#breadcrumb","itemListElement":[{"@type":"ListItem","position":1,"name":"Home","item":"https:\/\/ideaspracticas.com.co\/"},{"@type":"ListItem","position":2,"name":"Tienda","item":"https:\/\/ideaspracticas.com.co\/en\/tienda\/"},{"@type":"ListItem","position":3,"name":"Batas de dise\u00f1o personalizado en anti fluido"}]},{"@type":"WebSite","@id":"https:\/\/ideaspracticas.com.co\/#website","url":"https:\/\/ideaspracticas.com.co\/","name":"ideaspracticas.com.co","description":"uniformes y dotaciones personalizadas","publisher":{"@id":"https:\/\/ideaspracticas.com.co\/#organization"},"potentialAction":[{"@type":"SearchAction","target":{"@type":"EntryPoint","urlTemplate":"https:\/\/ideaspracticas.com.co\/?s={search_term_string}"},"query-input":{"@type":"PropertyValueSpecification","valueRequired":true,"valueName":"search_term_string"}}],"inLanguage":"en-US"},{"@type":"Organization","@id":"https:\/\/ideaspracticas.com.co\/#organization","name":"ideas pr\u00e1cticas","url":"https:\/\/ideaspracticas.com.co\/","logo":{"@type":"ImageObject","inLanguage":"en-US","@id":"https:\/\/ideaspracticas.com.co\/#\/schema\/logo\/image\/","url":"https:\/\/ideaspracticas.com.co\/wp-content\/uploads\/2021\/08\/IDEASPRACTICAS-LOGO-arreglado-1-scaled.jpg","contentUrl":"https:\/\/ideaspracticas.com.co\/wp-content\/uploads\/2021\/08\/IDEASPRACTICAS-LOGO-arreglado-1-scaled.jpg","width":2560,"height":2241,"caption":"ideas pr\u00e1cticas"},"image":{"@id":"https:\/\/ideaspracticas.com.co\/#\/schema\/logo\/image\/"},"sameAs":["https:\/\/www.facebook.com\/profile.php?id=100009478748877"]}]}},"_links":{"self":[{"href":"https:\/\/ideaspracticas.com.co\/en\/wp-json\/wp\/v2\/product\/1881","targetHints":{"allow":["GET"]}}],"collection":[{"href":"https:\/\/ideaspracticas.com.co\/en\/wp-json\/wp\/v2\/product"}],"about":[{"href":"https:\/\/ideaspracticas.com.co\/en\/wp-json\/wp\/v2\/types\/product"}],"replies":[{"embeddable":true,"href":"https:\/\/ideaspracticas.com.co\/en\/wp-json\/wp\/v2\/comments?post=1881"}],"wp:featuredmedia":[{"embeddable":true,"href":"https:\/\/ideaspracticas.com.co\/en\/wp-json\/wp\/v2\/media\/1883"}],"wp:attachment":[{"href":"https:\/\/ideaspracticas.com.co\/en\/wp-json\/wp\/v2\/media?parent=1881"}],"wp:term":[{"taxonomy":"product_cat","embeddable":true,"href":"https:\/\/ideaspracticas.com.co\/en\/wp-json\/wp\/v2\/product_cat?post=1881"},{"taxonomy":"product_tag","embeddable":true,"href":"https:\/\/ideaspracticas.com.co\/en\/wp-json\/wp\/v2\/product_tag?post=1881"}],"curies":[{"name":"wp","href":"https:\/\/api.w.org\/{rel}","templated":true}]}}