{"id":3169,"date":"2023-07-07T04:15:59","date_gmt":"2023-07-07T09:15:59","guid":{"rendered":"https:\/\/ideaspracticas.com.co\/?post_type=product&#038;p=3169"},"modified":"2023-07-07T05:14:27","modified_gmt":"2023-07-07T10:14:27","slug":"uniformes-de-barbero-de-lineas","status":"publish","type":"product","link":"https:\/\/ideaspracticas.com.co\/en\/product\/uniformes-de-barbero-de-lineas\/","title":{"rendered":"Uniformes de Barbero de lineas"},"content":{"rendered":"<p>En primer lugar Bienvenido a nuestra empresa de <a href=\"https:\/\/ideaspracticas.com.co\/en\/\">uniformes<\/a>! Nos dedicamos a proporcionar uniformes y batas de barber\u00eda anti fluido de alta calidad y dise\u00f1o a medida para empresas en una variedad de sectores, desde la atenci\u00f3n m\u00e9dica hasta la hosteler\u00eda.<\/p>\n<p>Nuestros Uniformes de barber\u00eda son uno de nuestros productos estrella, dise\u00f1adas para garantizar la comodidad, protecci\u00f3n y elegancia en el entorno laboral. Si busca un uniforme de calidad, que se adapte a las necesidades de su berber\u00eda, tenemos el que necesita.<\/p>\n<h3>Nuestros Uniformes de barber\u00eda<\/h3>\n<p>est\u00e1n confeccionadoss con materiales de alta calidad y dise\u00f1adas para garantizar la comodidad y la facilidad de movimiento durante largas jornadas laborales. Adem\u00e1s, est\u00e1n hechas de telas duraderas y resistentes a las manchas, lo que significa que pueden soportar la intensidad del trabajo dental diario y mantenerse en excelente estado despu\u00e9s de muchos lavados.<\/p>\n<p>Ofrecemos una amplia variedad de dise\u00f1os y estilos para satisfacer las necesidades de su personal. Adem\u00e1s, podemos personalizar tus uniformes con el logotipo de su barber para proporcionar una mayor identidad corporativa y reconocimiento de marca.<\/p>\n<p>&nbsp;<\/p>\n<p>\u00a1No esperes m\u00e1s! \u00a1Protege a tu personal con estilo! Encuentra los mejores Uniformes de barber\u00eda para ti.<\/p>\n<p>La elecci\u00f3n del uniforme adecuado tambi\u00e9n puede ayudar a crear un ambiente agradable y coherente con el estilo de barber, lo que mejora la experiencia del cliente.<\/p>\n<p>Finalmente te invitamos a conocer mas del cuidado de las prendas visitando nuestro <a href=\"https:\/\/ideaspracticas.com.co\/en\/activities-things-to-do\/\">blog, <\/a>\u00a0para que puedas enterarte de como hacerlo de una forma mas eficiente y teniendo siempre presente el cuidad de las prendas<\/p>","protected":false},"excerpt":{"rendered":"<p>Si est\u00e1s buscando Uniformes de barber\u00eda de alta calidad y personalizados, \u00a1no busques m\u00e1s!<\/p>\n<p>\u00a1Haz clic ahora y comienza a verte elegante y con un toque muy moderno!<\/p>\n<p><strong>MIRA COMO SABER TU TALLA Y COLORES DISPONIBLES<\/strong> <strong><a href=\"https:\/\/ideaspracticas.com.co\/en\/carta-de-colores-y-tallajes\/\">AQU\u00cd<\/a><\/strong><\/p>","protected":false},"featured_media":3171,"comment_status":"open","ping_status":"closed","template":"","meta":{"_joinchat":{"telephone":"+573004888779"}},"product_cat":[31,38],"product_tag":[],"class_list":["post-3169","product","type-product","status-publish","has-post-thumbnail","hentry","product_cat-los-mas-vendidos","product_cat-uniformes-personalizados-para-barberias"],"yoast_head":"<!-- This site is optimized with the Yoast SEO plugin v24.9 - https:\/\/yoast.com\/wordpress\/plugins\/seo\/ -->\n<title>Uniformes de Barbero de lineas - ideaspracticas.com.co<\/title>\n<meta name=\"description\" content=\"Si est\u00e1s buscando batas de barbero en anti fluido, nuestras batas son la elecci\u00f3n perfecta. ofrecen protecci\u00f3n duradera contra fluidos y bacterias\" \/>\n<meta name=\"robots\" content=\"index, follow, max-snippet:-1, max-image-preview:large, max-video-preview:-1\" \/>\n<link rel=\"canonical\" href=\"https:\/\/ideaspracticas.com.co\/en\/product\/uniformes-de-barbero-de-lineas\/\" \/>\n<meta property=\"og:locale\" content=\"en_US\" \/>\n<meta property=\"og:type\" content=\"article\" \/>\n<meta property=\"og:title\" content=\"Uniformes de Barbero de lineas - ideaspracticas.com.co\" \/>\n<meta property=\"og:description\" content=\"Si est\u00e1s buscando batas de barbero en anti fluido, nuestras batas son la elecci\u00f3n perfecta. ofrecen protecci\u00f3n duradera contra fluidos y bacterias\" \/>\n<meta property=\"og:url\" content=\"https:\/\/ideaspracticas.com.co\/en\/product\/uniformes-de-barbero-de-lineas\/\" \/>\n<meta property=\"og:site_name\" content=\"ideaspracticas.com.co\" \/>\n<meta property=\"article:publisher\" content=\"https:\/\/www.facebook.com\/profile.php?id=100009478748877\" \/>\n<meta property=\"article:modified_time\" content=\"2023-07-07T10:14:27+00:00\" \/>\n<meta property=\"og:image\" content=\"https:\/\/ideaspracticas.com.co\/wp-content\/uploads\/2023\/07\/Delantal-de-barberia-de-rayas-1.jpg\" \/>\n\t<meta property=\"og:image:width\" content=\"564\" \/>\n\t<meta property=\"og:image:height\" content=\"752\" \/>\n\t<meta property=\"og:image:type\" content=\"image\/jpeg\" \/>\n<meta name=\"twitter:card\" content=\"summary_large_image\" \/>\n<meta name=\"twitter:label1\" content=\"Est. reading time\" \/>\n\t<meta name=\"twitter:data1\" content=\"1 minute\" \/>\n<script type=\"application\/ld+json\" class=\"yoast-schema-graph\">{\"@context\":\"https:\/\/schema.org\",\"@graph\":[{\"@type\":\"WebPage\",\"@id\":\"https:\/\/ideaspracticas.com.co\/product\/uniformes-de-barbero-de-lineas\/\",\"url\":\"https:\/\/ideaspracticas.com.co\/product\/uniformes-de-barbero-de-lineas\/\",\"name\":\"Uniformes de Barbero de lineas - ideaspracticas.com.co\",\"isPartOf\":{\"@id\":\"https:\/\/ideaspracticas.com.co\/#website\"},\"primaryImageOfPage\":{\"@id\":\"https:\/\/ideaspracticas.com.co\/product\/uniformes-de-barbero-de-lineas\/#primaryimage\"},\"image\":{\"@id\":\"https:\/\/ideaspracticas.com.co\/product\/uniformes-de-barbero-de-lineas\/#primaryimage\"},\"thumbnailUrl\":\"https:\/\/ideaspracticas.com.co\/wp-content\/uploads\/2023\/07\/Delantal-de-barberia-de-rayas-1.jpg\",\"datePublished\":\"2023-07-07T09:15:59+00:00\",\"dateModified\":\"2023-07-07T10:14:27+00:00\",\"description\":\"Si est\u00e1s buscando batas de barbero en anti fluido, nuestras batas son la elecci\u00f3n perfecta. ofrecen protecci\u00f3n duradera contra fluidos y bacterias\",\"breadcrumb\":{\"@id\":\"https:\/\/ideaspracticas.com.co\/product\/uniformes-de-barbero-de-lineas\/#breadcrumb\"},\"inLanguage\":\"en-US\",\"potentialAction\":[{\"@type\":\"ReadAction\",\"target\":[\"https:\/\/ideaspracticas.com.co\/product\/uniformes-de-barbero-de-lineas\/\"]}]},{\"@type\":\"ImageObject\",\"inLanguage\":\"en-US\",\"@id\":\"https:\/\/ideaspracticas.com.co\/product\/uniformes-de-barbero-de-lineas\/#primaryimage\",\"url\":\"https:\/\/ideaspracticas.com.co\/wp-content\/uploads\/2023\/07\/Delantal-de-barberia-de-rayas-1.jpg\",\"contentUrl\":\"https:\/\/ideaspracticas.com.co\/wp-content\/uploads\/2023\/07\/Delantal-de-barberia-de-rayas-1.jpg\",\"width\":564,\"height\":752},{\"@type\":\"BreadcrumbList\",\"@id\":\"https:\/\/ideaspracticas.com.co\/product\/uniformes-de-barbero-de-lineas\/#breadcrumb\",\"itemListElement\":[{\"@type\":\"ListItem\",\"position\":1,\"name\":\"Home\",\"item\":\"https:\/\/ideaspracticas.com.co\/\"},{\"@type\":\"ListItem\",\"position\":2,\"name\":\"Tienda\",\"item\":\"https:\/\/ideaspracticas.com.co\/en\/tienda\/\"},{\"@type\":\"ListItem\",\"position\":3,\"name\":\"Uniformes de Barbero de lineas\"}]},{\"@type\":\"WebSite\",\"@id\":\"https:\/\/ideaspracticas.com.co\/#website\",\"url\":\"https:\/\/ideaspracticas.com.co\/\",\"name\":\"ideaspracticas.com.co\",\"description\":\"uniformes y dotaciones personalizadas\",\"publisher\":{\"@id\":\"https:\/\/ideaspracticas.com.co\/#organization\"},\"potentialAction\":[{\"@type\":\"SearchAction\",\"target\":{\"@type\":\"EntryPoint\",\"urlTemplate\":\"https:\/\/ideaspracticas.com.co\/?s={search_term_string}\"},\"query-input\":{\"@type\":\"PropertyValueSpecification\",\"valueRequired\":true,\"valueName\":\"search_term_string\"}}],\"inLanguage\":\"en-US\"},{\"@type\":\"Organization\",\"@id\":\"https:\/\/ideaspracticas.com.co\/#organization\",\"name\":\"ideas pr\u00e1cticas\",\"url\":\"https:\/\/ideaspracticas.com.co\/\",\"logo\":{\"@type\":\"ImageObject\",\"inLanguage\":\"en-US\",\"@id\":\"https:\/\/ideaspracticas.com.co\/#\/schema\/logo\/image\/\",\"url\":\"https:\/\/ideaspracticas.com.co\/wp-content\/uploads\/2021\/08\/IDEASPRACTICAS-LOGO-arreglado-1-scaled.jpg\",\"contentUrl\":\"https:\/\/ideaspracticas.com.co\/wp-content\/uploads\/2021\/08\/IDEASPRACTICAS-LOGO-arreglado-1-scaled.jpg\",\"width\":2560,\"height\":2241,\"caption\":\"ideas pr\u00e1cticas\"},\"image\":{\"@id\":\"https:\/\/ideaspracticas.com.co\/#\/schema\/logo\/image\/\"},\"sameAs\":[\"https:\/\/www.facebook.com\/profile.php?id=100009478748877\"]}]}<\/script>\n<!-- \/ Yoast SEO plugin. -->","yoast_head_json":{"title":"Uniformes de Barbero de lineas - ideaspracticas.com.co","description":"Si est\u00e1s buscando batas de barbero en anti fluido, nuestras batas son la elecci\u00f3n perfecta. ofrecen protecci\u00f3n duradera contra fluidos y bacterias","robots":{"index":"index","follow":"follow","max-snippet":"max-snippet:-1","max-image-preview":"max-image-preview:large","max-video-preview":"max-video-preview:-1"},"canonical":"https:\/\/ideaspracticas.com.co\/en\/product\/uniformes-de-barbero-de-lineas\/","og_locale":"en_US","og_type":"article","og_title":"Uniformes de Barbero de lineas - ideaspracticas.com.co","og_description":"Si est\u00e1s buscando batas de barbero en anti fluido, nuestras batas son la elecci\u00f3n perfecta. ofrecen protecci\u00f3n duradera contra fluidos y bacterias","og_url":"https:\/\/ideaspracticas.com.co\/en\/product\/uniformes-de-barbero-de-lineas\/","og_site_name":"ideaspracticas.com.co","article_publisher":"https:\/\/www.facebook.com\/profile.php?id=100009478748877","article_modified_time":"2023-07-07T10:14:27+00:00","og_image":[{"width":564,"height":752,"url":"https:\/\/ideaspracticas.com.co\/wp-content\/uploads\/2023\/07\/Delantal-de-barberia-de-rayas-1.jpg","type":"image\/jpeg"}],"twitter_card":"summary_large_image","twitter_misc":{"Est. reading time":"1 minute"},"schema":{"@context":"https:\/\/schema.org","@graph":[{"@type":"WebPage","@id":"https:\/\/ideaspracticas.com.co\/product\/uniformes-de-barbero-de-lineas\/","url":"https:\/\/ideaspracticas.com.co\/product\/uniformes-de-barbero-de-lineas\/","name":"Uniformes de Barbero de lineas - ideaspracticas.com.co","isPartOf":{"@id":"https:\/\/ideaspracticas.com.co\/#website"},"primaryImageOfPage":{"@id":"https:\/\/ideaspracticas.com.co\/product\/uniformes-de-barbero-de-lineas\/#primaryimage"},"image":{"@id":"https:\/\/ideaspracticas.com.co\/product\/uniformes-de-barbero-de-lineas\/#primaryimage"},"thumbnailUrl":"https:\/\/ideaspracticas.com.co\/wp-content\/uploads\/2023\/07\/Delantal-de-barberia-de-rayas-1.jpg","datePublished":"2023-07-07T09:15:59+00:00","dateModified":"2023-07-07T10:14:27+00:00","description":"Si est\u00e1s buscando batas de barbero en anti fluido, nuestras batas son la elecci\u00f3n perfecta. ofrecen protecci\u00f3n duradera contra fluidos y bacterias","breadcrumb":{"@id":"https:\/\/ideaspracticas.com.co\/product\/uniformes-de-barbero-de-lineas\/#breadcrumb"},"inLanguage":"en-US","potentialAction":[{"@type":"ReadAction","target":["https:\/\/ideaspracticas.com.co\/product\/uniformes-de-barbero-de-lineas\/"]}]},{"@type":"ImageObject","inLanguage":"en-US","@id":"https:\/\/ideaspracticas.com.co\/product\/uniformes-de-barbero-de-lineas\/#primaryimage","url":"https:\/\/ideaspracticas.com.co\/wp-content\/uploads\/2023\/07\/Delantal-de-barberia-de-rayas-1.jpg","contentUrl":"https:\/\/ideaspracticas.com.co\/wp-content\/uploads\/2023\/07\/Delantal-de-barberia-de-rayas-1.jpg","width":564,"height":752},{"@type":"BreadcrumbList","@id":"https:\/\/ideaspracticas.com.co\/product\/uniformes-de-barbero-de-lineas\/#breadcrumb","itemListElement":[{"@type":"ListItem","position":1,"name":"Home","item":"https:\/\/ideaspracticas.com.co\/"},{"@type":"ListItem","position":2,"name":"Tienda","item":"https:\/\/ideaspracticas.com.co\/en\/tienda\/"},{"@type":"ListItem","position":3,"name":"Uniformes de Barbero de lineas"}]},{"@type":"WebSite","@id":"https:\/\/ideaspracticas.com.co\/#website","url":"https:\/\/ideaspracticas.com.co\/","name":"ideaspracticas.com.co","description":"uniformes y dotaciones personalizadas","publisher":{"@id":"https:\/\/ideaspracticas.com.co\/#organization"},"potentialAction":[{"@type":"SearchAction","target":{"@type":"EntryPoint","urlTemplate":"https:\/\/ideaspracticas.com.co\/?s={search_term_string}"},"query-input":{"@type":"PropertyValueSpecification","valueRequired":true,"valueName":"search_term_string"}}],"inLanguage":"en-US"},{"@type":"Organization","@id":"https:\/\/ideaspracticas.com.co\/#organization","name":"ideas pr\u00e1cticas","url":"https:\/\/ideaspracticas.com.co\/","logo":{"@type":"ImageObject","inLanguage":"en-US","@id":"https:\/\/ideaspracticas.com.co\/#\/schema\/logo\/image\/","url":"https:\/\/ideaspracticas.com.co\/wp-content\/uploads\/2021\/08\/IDEASPRACTICAS-LOGO-arreglado-1-scaled.jpg","contentUrl":"https:\/\/ideaspracticas.com.co\/wp-content\/uploads\/2021\/08\/IDEASPRACTICAS-LOGO-arreglado-1-scaled.jpg","width":2560,"height":2241,"caption":"ideas pr\u00e1cticas"},"image":{"@id":"https:\/\/ideaspracticas.com.co\/#\/schema\/logo\/image\/"},"sameAs":["https:\/\/www.facebook.com\/profile.php?id=100009478748877"]}]}},"_links":{"self":[{"href":"https:\/\/ideaspracticas.com.co\/en\/wp-json\/wp\/v2\/product\/3169","targetHints":{"allow":["GET"]}}],"collection":[{"href":"https:\/\/ideaspracticas.com.co\/en\/wp-json\/wp\/v2\/product"}],"about":[{"href":"https:\/\/ideaspracticas.com.co\/en\/wp-json\/wp\/v2\/types\/product"}],"replies":[{"embeddable":true,"href":"https:\/\/ideaspracticas.com.co\/en\/wp-json\/wp\/v2\/comments?post=3169"}],"wp:featuredmedia":[{"embeddable":true,"href":"https:\/\/ideaspracticas.com.co\/en\/wp-json\/wp\/v2\/media\/3171"}],"wp:attachment":[{"href":"https:\/\/ideaspracticas.com.co\/en\/wp-json\/wp\/v2\/media?parent=3169"}],"wp:term":[{"taxonomy":"product_cat","embeddable":true,"href":"https:\/\/ideaspracticas.com.co\/en\/wp-json\/wp\/v2\/product_cat?post=3169"},{"taxonomy":"product_tag","embeddable":true,"href":"https:\/\/ideaspracticas.com.co\/en\/wp-json\/wp\/v2\/product_tag?post=3169"}],"curies":[{"name":"wp","href":"https:\/\/api.w.org\/{rel}","templated":true}]}}